{"id":164,"date":"2022-05-28T11:46:33","date_gmt":"2022-05-28T11:46:33","guid":{"rendered":"https:\/\/www.barnizadosvallparadis.es\/?page_id=164"},"modified":"2022-06-01T11:30:34","modified_gmt":"2022-06-01T11:30:34","slug":"aviso-legal","status":"publish","type":"page","link":"https:\/\/www.barnizadosvallparadis.es\/index.php\/aviso-legal\/","title":{"rendered":"Aviso legal"},"content":{"rendered":"\t\t<div data-elementor-type=\"wp-page\" data-elementor-id=\"164\" class=\"elementor elementor-164\">\n\t\t\t\t\t\t<section class=\"elementor-section elementor-top-section elementor-element elementor-element-4b9d778 elementor-section-boxed elementor-section-height-default elementor-section-height-default\" data-id=\"4b9d778\" data-element_type=\"section\" data-e-type=\"section\">\n\t\t\t\t\t\t<div class=\"elementor-container elementor-column-gap-default\">\n\t\t\t\t\t<div class=\"elementor-column elementor-col-100 elementor-top-column elementor-element elementor-element-ea2113a\" data-id=\"ea2113a\" data-element_type=\"column\" data-e-type=\"column\">\n\t\t\t<div class=\"elementor-widget-wrap elementor-element-populated\">\n\t\t\t\t\t\t<div class=\"elementor-element elementor-element-6271bf9 elementor-widget elementor-widget-text-editor\" data-id=\"6271bf9\" data-element_type=\"widget\" data-e-type=\"widget\" data-widget_type=\"text-editor.default\">\n\t\t\t\t<div class=\"elementor-widget-container\">\n\t\t\t\t\t\t\t\t\t<ol><li class=\"bodytext\">El titular de este sitio web es <strong>BARNIZADOS VALLPARAD\u00cdS<\/strong>, con N.I.F. <strong>39041795L<\/strong>, con domicilio en calle Bilbao, 16, c\u00f3digo postal 08227 de Terrassa (Barcelona).<\/li><li class=\"bodytext\">El acceso al site de <strong>BARNIZADOS VALLPARAD\u00cdS<\/strong> es gratuito. Todo el contenido es propiedad intelectual de <strong>BARNIZADOS VALLPARAD\u00cdS<\/strong>. Cualquier utilizaci\u00f3n de los mismos contraria a las normas en materia de propiedad intelectual ser\u00e1 perseguida con arreglo a la legislaci\u00f3n vigente.<\/li><\/ol>\t\t\t\t\t\t\t\t<\/div>\n\t\t\t\t<\/div>\n\t\t\t\t\t<\/div>\n\t\t<\/div>\n\t\t\t\t\t<\/div>\n\t\t<\/section>\n\t\t\t\t<\/div>\n\t\t","protected":false},"excerpt":{"rendered":"<p>El titular de este sitio web es BARNIZADOS VALLPARAD\u00cdS, con N.I.F. 39041795L, con domicilio en calle Bilbao, 16, c\u00f3digo postal 08227 de Terrassa (Barcelona). El acceso al site de BARNIZADOS VALLPARAD\u00cdS es gratuito. Todo el contenido es propiedad intelectual de BARNIZADOS VALLPARAD\u00cdS. Cualquier utilizaci\u00f3n de los mismos contraria a las normas en materia de propiedad [&hellip;]<\/p>\n","protected":false},"author":1,"featured_media":0,"parent":0,"menu_order":0,"comment_status":"closed","ping_status":"closed","template":"","meta":{"zakra_page_container_layout":"customizer","zakra_page_sidebar_layout":"customizer","zakra_remove_content_margin":false,"zakra_sidebar":"customizer","zakra_transparent_header":"customizer","zakra_logo":0,"zakra_main_header_style":"default","zakra_menu_item_color":"","zakra_menu_item_hover_color":"","zakra_menu_item_active_color":"","zakra_menu_active_style":"","zakra_page_header":true,"footnotes":""},"class_list":["post-164","page","type-page","status-publish","hentry"],"yoast_head":"<!-- This site is optimized with the Yoast SEO plugin v27.5 - https:\/\/yoast.com\/product\/yoast-seo-wordpress\/ -->\n<title>Aviso legal - barnizados vallparadis<\/title>\n<meta name=\"description\" content=\"Esta p\u00e1gina contiene el aviso legal de nuestra p\u00e1gina web.\" \/>\n<meta name=\"robots\" content=\"noindex, nofollow\" \/>\n<meta property=\"og:locale\" content=\"es_ES\" \/>\n<meta property=\"og:type\" content=\"article\" \/>\n<meta property=\"og:title\" content=\"Aviso legal - barnizados vallparadis\" \/>\n<meta property=\"og:description\" content=\"Esta p\u00e1gina contiene el aviso legal de nuestra p\u00e1gina web.\" \/>\n<meta property=\"og:url\" content=\"https:\/\/www.barnizadosvallparadis.es\/index.php\/aviso-legal\/\" \/>\n<meta property=\"og:site_name\" content=\"barnizados vallparadis\" \/>\n<meta property=\"article:modified_time\" content=\"2022-06-01T11:30:34+00:00\" \/>\n<meta name=\"twitter:card\" content=\"summary_large_image\" \/>\n<meta name=\"twitter:label1\" content=\"Tiempo de lectura\" \/>\n\t<meta name=\"twitter:data1\" content=\"1 minuto\" \/>\n<script type=\"application\/ld+json\" class=\"yoast-schema-graph\">{\"@context\":\"https:\\\/\\\/schema.org\",\"@graph\":[{\"@type\":\"WebPage\",\"@id\":\"https:\\\/\\\/www.barnizadosvallparadis.es\\\/index.php\\\/aviso-legal\\\/\",\"url\":\"https:\\\/\\\/www.barnizadosvallparadis.es\\\/index.php\\\/aviso-legal\\\/\",\"name\":\"Aviso legal - barnizados vallparadis\",\"isPartOf\":{\"@id\":\"https:\\\/\\\/www.barnizadosvallparadis.es\\\/#website\"},\"datePublished\":\"2022-05-28T11:46:33+00:00\",\"dateModified\":\"2022-06-01T11:30:34+00:00\",\"description\":\"Esta p\u00e1gina contiene el aviso legal de nuestra p\u00e1gina web.\",\"breadcrumb\":{\"@id\":\"https:\\\/\\\/www.barnizadosvallparadis.es\\\/index.php\\\/aviso-legal\\\/#breadcrumb\"},\"inLanguage\":\"es\",\"potentialAction\":[{\"@type\":\"ReadAction\",\"target\":[\"https:\\\/\\\/www.barnizadosvallparadis.es\\\/index.php\\\/aviso-legal\\\/\"]}]},{\"@type\":\"BreadcrumbList\",\"@id\":\"https:\\\/\\\/www.barnizadosvallparadis.es\\\/index.php\\\/aviso-legal\\\/#breadcrumb\",\"itemListElement\":[{\"@type\":\"ListItem\",\"position\":1,\"name\":\"Portada\",\"item\":\"https:\\\/\\\/www.barnizadosvallparadis.es\\\/\"},{\"@type\":\"ListItem\",\"position\":2,\"name\":\"Aviso legal\"}]},{\"@type\":\"WebSite\",\"@id\":\"https:\\\/\\\/www.barnizadosvallparadis.es\\\/#website\",\"url\":\"https:\\\/\\\/www.barnizadosvallparadis.es\\\/\",\"name\":\"barnizados vallparadis\",\"description\":\"Empresa dedicada a lacados y barnizados en madera\",\"publisher\":{\"@id\":\"https:\\\/\\\/www.barnizadosvallparadis.es\\\/#organization\"},\"potentialAction\":[{\"@type\":\"SearchAction\",\"target\":{\"@type\":\"EntryPoint\",\"urlTemplate\":\"https:\\\/\\\/www.barnizadosvallparadis.es\\\/?s={search_term_string}\"},\"query-input\":{\"@type\":\"PropertyValueSpecification\",\"valueRequired\":true,\"valueName\":\"search_term_string\"}}],\"inLanguage\":\"es\"},{\"@type\":\"Organization\",\"@id\":\"https:\\\/\\\/www.barnizadosvallparadis.es\\\/#organization\",\"name\":\"Barnizados Vallparad\u00eds\",\"url\":\"https:\\\/\\\/www.barnizadosvallparadis.es\\\/\",\"logo\":{\"@type\":\"ImageObject\",\"inLanguage\":\"es\",\"@id\":\"https:\\\/\\\/www.barnizadosvallparadis.es\\\/#\\\/schema\\\/logo\\\/image\\\/\",\"url\":\"https:\\\/\\\/www.barnizadosvallparadis.es\\\/wp-content\\\/uploads\\\/2022\\\/05\\\/Logo-Barnizados-Vallparadis-reducido.png\",\"contentUrl\":\"https:\\\/\\\/www.barnizadosvallparadis.es\\\/wp-content\\\/uploads\\\/2022\\\/05\\\/Logo-Barnizados-Vallparadis-reducido.png\",\"width\":250,\"height\":104,\"caption\":\"Barnizados Vallparad\u00eds\"},\"image\":{\"@id\":\"https:\\\/\\\/www.barnizadosvallparadis.es\\\/#\\\/schema\\\/logo\\\/image\\\/\"}}]}<\/script>\n<!-- \/ Yoast SEO plugin. -->","yoast_head_json":{"title":"Aviso legal - barnizados vallparadis","description":"Esta p\u00e1gina contiene el aviso legal de nuestra p\u00e1gina web.","robots":{"index":"noindex","follow":"nofollow"},"og_locale":"es_ES","og_type":"article","og_title":"Aviso legal - barnizados vallparadis","og_description":"Esta p\u00e1gina contiene el aviso legal de nuestra p\u00e1gina web.","og_url":"https:\/\/www.barnizadosvallparadis.es\/index.php\/aviso-legal\/","og_site_name":"barnizados vallparadis","article_modified_time":"2022-06-01T11:30:34+00:00","twitter_card":"summary_large_image","twitter_misc":{"Tiempo de lectura":"1 minuto"},"schema":{"@context":"https:\/\/schema.org","@graph":[{"@type":"WebPage","@id":"https:\/\/www.barnizadosvallparadis.es\/index.php\/aviso-legal\/","url":"https:\/\/www.barnizadosvallparadis.es\/index.php\/aviso-legal\/","name":"Aviso legal - barnizados vallparadis","isPartOf":{"@id":"https:\/\/www.barnizadosvallparadis.es\/#website"},"datePublished":"2022-05-28T11:46:33+00:00","dateModified":"2022-06-01T11:30:34+00:00","description":"Esta p\u00e1gina contiene el aviso legal de nuestra p\u00e1gina web.","breadcrumb":{"@id":"https:\/\/www.barnizadosvallparadis.es\/index.php\/aviso-legal\/#breadcrumb"},"inLanguage":"es","potentialAction":[{"@type":"ReadAction","target":["https:\/\/www.barnizadosvallparadis.es\/index.php\/aviso-legal\/"]}]},{"@type":"BreadcrumbList","@id":"https:\/\/www.barnizadosvallparadis.es\/index.php\/aviso-legal\/#breadcrumb","itemListElement":[{"@type":"ListItem","position":1,"name":"Portada","item":"https:\/\/www.barnizadosvallparadis.es\/"},{"@type":"ListItem","position":2,"name":"Aviso legal"}]},{"@type":"WebSite","@id":"https:\/\/www.barnizadosvallparadis.es\/#website","url":"https:\/\/www.barnizadosvallparadis.es\/","name":"barnizados vallparadis","description":"Empresa dedicada a lacados y barnizados en madera","publisher":{"@id":"https:\/\/www.barnizadosvallparadis.es\/#organization"},"potentialAction":[{"@type":"SearchAction","target":{"@type":"EntryPoint","urlTemplate":"https:\/\/www.barnizadosvallparadis.es\/?s={search_term_string}"},"query-input":{"@type":"PropertyValueSpecification","valueRequired":true,"valueName":"search_term_string"}}],"inLanguage":"es"},{"@type":"Organization","@id":"https:\/\/www.barnizadosvallparadis.es\/#organization","name":"Barnizados Vallparad\u00eds","url":"https:\/\/www.barnizadosvallparadis.es\/","logo":{"@type":"ImageObject","inLanguage":"es","@id":"https:\/\/www.barnizadosvallparadis.es\/#\/schema\/logo\/image\/","url":"https:\/\/www.barnizadosvallparadis.es\/wp-content\/uploads\/2022\/05\/Logo-Barnizados-Vallparadis-reducido.png","contentUrl":"https:\/\/www.barnizadosvallparadis.es\/wp-content\/uploads\/2022\/05\/Logo-Barnizados-Vallparadis-reducido.png","width":250,"height":104,"caption":"Barnizados Vallparad\u00eds"},"image":{"@id":"https:\/\/www.barnizadosvallparadis.es\/#\/schema\/logo\/image\/"}}]}},"_links":{"self":[{"href":"https:\/\/www.barnizadosvallparadis.es\/index.php\/wp-json\/wp\/v2\/pages\/164","targetHints":{"allow":["GET"]}}],"collection":[{"href":"https:\/\/www.barnizadosvallparadis.es\/index.php\/wp-json\/wp\/v2\/pages"}],"about":[{"href":"https:\/\/www.barnizadosvallparadis.es\/index.php\/wp-json\/wp\/v2\/types\/page"}],"author":[{"embeddable":true,"href":"https:\/\/www.barnizadosvallparadis.es\/index.php\/wp-json\/wp\/v2\/users\/1"}],"replies":[{"embeddable":true,"href":"https:\/\/www.barnizadosvallparadis.es\/index.php\/wp-json\/wp\/v2\/comments?post=164"}],"version-history":[{"count":5,"href":"https:\/\/www.barnizadosvallparadis.es\/index.php\/wp-json\/wp\/v2\/pages\/164\/revisions"}],"predecessor-version":[{"id":242,"href":"https:\/\/www.barnizadosvallparadis.es\/index.php\/wp-json\/wp\/v2\/pages\/164\/revisions\/242"}],"wp:attachment":[{"href":"https:\/\/www.barnizadosvallparadis.es\/index.php\/wp-json\/wp\/v2\/media?parent=164"}],"curies":[{"name":"wp","href":"https:\/\/api.w.org\/{rel}","templated":true}]}}