{"id":29,"date":"2022-05-27T11:33:58","date_gmt":"2022-05-27T11:33:58","guid":{"rendered":"https:\/\/www.barnizadosvallparadis.es\/?page_id=29"},"modified":"2022-06-16T12:18:45","modified_gmt":"2022-06-16T12:18:45","slug":"inicio","status":"publish","type":"page","link":"https:\/\/www.barnizadosvallparadis.es\/","title":{"rendered":"Inicio"},"content":{"rendered":"\t\t<div data-elementor-type=\"wp-page\" data-elementor-id=\"29\" class=\"elementor elementor-29\">\n\t\t\t\t\t\t<section class=\"elementor-section elementor-top-section elementor-element elementor-element-bff05fd elementor-section-full_width elementor-section-stretched elementor-section-height-default elementor-section-height-default\" data-id=\"bff05fd\" data-element_type=\"section\" data-e-type=\"section\" data-settings=\"{&quot;stretch_section&quot;:&quot;section-stretched&quot;}\">\n\t\t\t\t\t\t<div class=\"elementor-container elementor-column-gap-default\">\n\t\t\t\t\t<div class=\"elementor-column elementor-col-100 elementor-top-column elementor-element elementor-element-0d9a556\" data-id=\"0d9a556\" data-element_type=\"column\" data-e-type=\"column\">\n\t\t\t<div class=\"elementor-widget-wrap elementor-element-populated\">\n\t\t\t\t\t\t<div class=\"elementor-element elementor-element-3fa2079 elementor-widget__width-inherit elementor-widget elementor-widget-image\" data-id=\"3fa2079\" data-element_type=\"widget\" data-e-type=\"widget\" data-widget_type=\"image.default\">\n\t\t\t\t<div class=\"elementor-widget-container\">\n\t\t\t\t\t\t\t\t\t\t\t\t\t\t\t<img fetchpriority=\"high\" decoding=\"async\" width=\"838\" height=\"278\" src=\"https:\/\/www.barnizadosvallparadis.es\/wp-content\/uploads\/2022\/05\/cropped-Gama-barnices-foto-cabecera.jpg\" class=\"attachment-large size-large wp-image-100\" alt=\"\" srcset=\"https:\/\/www.barnizadosvallparadis.es\/wp-content\/uploads\/2022\/05\/cropped-Gama-barnices-foto-cabecera.jpg 838w, https:\/\/www.barnizadosvallparadis.es\/wp-content\/uploads\/2022\/05\/cropped-Gama-barnices-foto-cabecera-300x100.jpg 300w, https:\/\/www.barnizadosvallparadis.es\/wp-content\/uploads\/2022\/05\/cropped-Gama-barnices-foto-cabecera-768x255.jpg 768w\" sizes=\"(max-width: 838px) 100vw, 838px\" \/>\t\t\t\t\t\t\t\t\t\t\t\t\t\t\t<\/div>\n\t\t\t\t<\/div>\n\t\t\t\t\t<\/div>\n\t\t<\/div>\n\t\t\t\t\t<\/div>\n\t\t<\/section>\n\t\t\t\t<section class=\"elementor-section elementor-top-section elementor-element elementor-element-0d048ea elementor-section-boxed elementor-section-height-default elementor-section-height-default\" data-id=\"0d048ea\" data-element_type=\"section\" data-e-type=\"section\">\n\t\t\t\t\t\t<div class=\"elementor-container elementor-column-gap-default\">\n\t\t\t\t\t<div class=\"elementor-column elementor-col-100 elementor-top-column elementor-element elementor-element-d6714b8\" data-id=\"d6714b8\" data-element_type=\"column\" data-e-type=\"column\">\n\t\t\t<div class=\"elementor-widget-wrap elementor-element-populated\">\n\t\t\t\t\t\t<div class=\"elementor-element elementor-element-7fca598 elementor-hidden-mobile elementor-widget elementor-widget-spacer\" data-id=\"7fca598\" data-element_type=\"widget\" data-e-type=\"widget\" data-widget_type=\"spacer.default\">\n\t\t\t\t<div class=\"elementor-widget-container\">\n\t\t\t\t\t\t\t<div class=\"elementor-spacer\">\n\t\t\t<div class=\"elementor-spacer-inner\"><\/div>\n\t\t<\/div>\n\t\t\t\t\t\t<\/div>\n\t\t\t\t<\/div>\n\t\t\t\t<div class=\"elementor-element elementor-element-b8ef1fc elementor-widget elementor-widget-heading\" data-id=\"b8ef1fc\" data-element_type=\"widget\" data-e-type=\"widget\" data-widget_type=\"heading.default\">\n\t\t\t\t<div class=\"elementor-widget-container\">\n\t\t\t\t\t<h2 class=\"elementor-heading-title elementor-size-default\">Tu empresa de lacados, barnizados y restauraci\u00f3n de la madera<br><\/h2>\t\t\t\t<\/div>\n\t\t\t\t<\/div>\n\t\t\t\t\t<\/div>\n\t\t<\/div>\n\t\t\t\t\t<\/div>\n\t\t<\/section>\n\t\t\t\t<section class=\"elementor-section elementor-top-section elementor-element elementor-element-81d2679 elementor-section-boxed elementor-section-height-default elementor-section-height-default\" data-id=\"81d2679\" data-element_type=\"section\" data-e-type=\"section\">\n\t\t\t\t\t\t<div class=\"elementor-container elementor-column-gap-wider\">\n\t\t\t\t\t<div class=\"elementor-column elementor-col-50 elementor-top-column elementor-element elementor-element-bb5e90b\" data-id=\"bb5e90b\" data-element_type=\"column\" data-e-type=\"column\">\n\t\t\t<div class=\"elementor-widget-wrap elementor-element-populated\">\n\t\t\t\t\t\t<div class=\"elementor-element elementor-element-e453ee1 elementor-widget elementor-widget-image\" data-id=\"e453ee1\" data-element_type=\"widget\" data-e-type=\"widget\" data-widget_type=\"image.default\">\n\t\t\t\t<div class=\"elementor-widget-container\">\n\t\t\t\t\t\t\t\t\t\t\t\t\t\t\t<img decoding=\"async\" width=\"945\" height=\"945\" src=\"https:\/\/www.barnizadosvallparadis.es\/wp-content\/uploads\/2022\/06\/puerta-lacada-1.jpg\" class=\"attachment-large size-large wp-image-544\" alt=\"\" srcset=\"https:\/\/www.barnizadosvallparadis.es\/wp-content\/uploads\/2022\/06\/puerta-lacada-1.jpg 945w, https:\/\/www.barnizadosvallparadis.es\/wp-content\/uploads\/2022\/06\/puerta-lacada-1-300x300.jpg 300w, https:\/\/www.barnizadosvallparadis.es\/wp-content\/uploads\/2022\/06\/puerta-lacada-1-150x150.jpg 150w, https:\/\/www.barnizadosvallparadis.es\/wp-content\/uploads\/2022\/06\/puerta-lacada-1-768x768.jpg 768w\" sizes=\"(max-width: 945px) 100vw, 945px\" \/>\t\t\t\t\t\t\t\t\t\t\t\t\t\t\t<\/div>\n\t\t\t\t<\/div>\n\t\t\t\t<div class=\"elementor-element elementor-element-9d4090b elementor-widget elementor-widget-heading\" data-id=\"9d4090b\" data-element_type=\"widget\" data-e-type=\"widget\" data-widget_type=\"heading.default\">\n\t\t\t\t<div class=\"elementor-widget-container\">\n\t\t\t\t\t<h3 class=\"elementor-heading-title elementor-size-large\">Barnizados Vallparad\u00eds<\/h3>\t\t\t\t<\/div>\n\t\t\t\t<\/div>\n\t\t\t\t<div class=\"elementor-element elementor-element-a9d511e elementor-widget elementor-widget-text-editor\" data-id=\"a9d511e\" data-element_type=\"widget\" data-e-type=\"widget\" data-widget_type=\"text-editor.default\">\n\t\t\t\t<div class=\"elementor-widget-container\">\n\t\t\t\t\t\t\t\t\t<p>Somos una empresa familiar fundada en 1979 en la localidad de Terrassa.<\/p><p>Contamos con m\u00e1s de 40 a\u00f1os de experiencia.<\/p><p>Disponemos de taller propio especializado y las mejores herramientas junto a la maquinaria m\u00e1s moderna.<\/p>\t\t\t\t\t\t\t\t<\/div>\n\t\t\t\t<\/div>\n\t\t\t\t\t<\/div>\n\t\t<\/div>\n\t\t\t\t<div class=\"elementor-column elementor-col-50 elementor-top-column elementor-element elementor-element-e2d3308\" data-id=\"e2d3308\" data-element_type=\"column\" data-e-type=\"column\">\n\t\t\t<div class=\"elementor-widget-wrap elementor-element-populated\">\n\t\t\t\t\t\t<div class=\"elementor-element elementor-element-7af5edf elementor-widget elementor-widget-image\" data-id=\"7af5edf\" data-element_type=\"widget\" data-e-type=\"widget\" data-widget_type=\"image.default\">\n\t\t\t\t<div class=\"elementor-widget-container\">\n\t\t\t\t\t\t\t\t\t\t\t\t\t\t\t<img decoding=\"async\" width=\"945\" height=\"945\" src=\"https:\/\/www.barnizadosvallparadis.es\/wp-content\/uploads\/2022\/06\/puertas-lacadas-2.jpg\" class=\"attachment-large size-large wp-image-549\" alt=\"puertas lacadas blancas\" srcset=\"https:\/\/www.barnizadosvallparadis.es\/wp-content\/uploads\/2022\/06\/puertas-lacadas-2.jpg 945w, https:\/\/www.barnizadosvallparadis.es\/wp-content\/uploads\/2022\/06\/puertas-lacadas-2-300x300.jpg 300w, https:\/\/www.barnizadosvallparadis.es\/wp-content\/uploads\/2022\/06\/puertas-lacadas-2-150x150.jpg 150w, https:\/\/www.barnizadosvallparadis.es\/wp-content\/uploads\/2022\/06\/puertas-lacadas-2-768x768.jpg 768w\" sizes=\"(max-width: 945px) 100vw, 945px\" \/>\t\t\t\t\t\t\t\t\t\t\t\t\t\t\t<\/div>\n\t\t\t\t<\/div>\n\t\t\t\t<div class=\"elementor-element elementor-element-5056cd7 elementor-widget elementor-widget-heading\" data-id=\"5056cd7\" data-element_type=\"widget\" data-e-type=\"widget\" data-widget_type=\"heading.default\">\n\t\t\t\t<div class=\"elementor-widget-container\">\n\t\t\t\t\t<h3 class=\"elementor-heading-title elementor-size-large\">Que ofrecemos<\/h3>\t\t\t\t<\/div>\n\t\t\t\t<\/div>\n\t\t\t\t<div class=\"elementor-element elementor-element-d8c3207 elementor-widget elementor-widget-text-editor\" data-id=\"d8c3207\" data-element_type=\"widget\" data-e-type=\"widget\" data-widget_type=\"text-editor.default\">\n\t\t\t\t<div class=\"elementor-widget-container\">\n\t\t\t\t\t\t\t\t\t<p>Nos dedicamos al lacado y barnizado de todo tipo de maderas, as\u00ed como a la decoraci\u00f3n y restauraci\u00f3n de puertas y mobiliario en general, tanto en natural como te\u00f1ido.<\/p><p>Prestamos servicio tanto a empresas industriales como a particulares.<\/p><p>Utilizamos productos de alta calidad para ofrecer la mejor garant\u00eda a nuestros clientes.<\/p>\t\t\t\t\t\t\t\t<\/div>\n\t\t\t\t<\/div>\n\t\t\t\t\t<\/div>\n\t\t<\/div>\n\t\t\t\t\t<\/div>\n\t\t<\/section>\n\t\t\t\t<\/div>\n\t\t","protected":false},"excerpt":{"rendered":"<p>Tu empresa de lacados, barnizados y restauraci\u00f3n de la madera Barnizados Vallparad\u00eds Somos una empresa familiar fundada en 1979 en la localidad de Terrassa. Contamos con m\u00e1s de 40 a\u00f1os de experiencia. Disponemos de taller propio especializado y las mejores herramientas junto a la maquinaria m\u00e1s moderna. Que ofrecemos Nos dedicamos al lacado y barnizado [&hellip;]<\/p>\n","protected":false},"author":1,"featured_media":0,"parent":0,"menu_order":0,"comment_status":"closed","ping_status":"closed","template":"elementor_header_footer","meta":{"zakra_page_container_layout":"customizer","zakra_page_sidebar_layout":"customizer","zakra_remove_content_margin":false,"zakra_sidebar":"customizer","zakra_transparent_header":"customizer","zakra_logo":0,"zakra_main_header_style":"default","zakra_menu_item_color":"","zakra_menu_item_hover_color":"","zakra_menu_item_active_color":"","zakra_menu_active_style":"","zakra_page_header":true,"footnotes":""},"class_list":["post-29","page","type-page","status-publish","hentry"],"yoast_head":"<!-- This site is optimized with the Yoast SEO plugin v27.5 - https:\/\/yoast.com\/product\/yoast-seo-wordpress\/ -->\n<title>Inicio - barnizados vallparadis<\/title>\n<meta name=\"description\" content=\"Esta p\u00e1gina hace una peque\u00f1a descripci\u00f3n del origen de nuestra empresa, as\u00ed como las actividades que desarolla actualmente.\" \/>\n<meta name=\"robots\" content=\"index, nofollow, max-snippet:-1, max-image-preview:large, max-video-preview:-1\" \/>\n<link rel=\"canonical\" href=\"https:\/\/www.barnizadosvallparadis.es\/\" \/>\n<meta property=\"og:locale\" content=\"es_ES\" \/>\n<meta property=\"og:type\" content=\"article\" \/>\n<meta property=\"og:title\" content=\"Inicio - barnizados vallparadis\" \/>\n<meta property=\"og:description\" content=\"Esta p\u00e1gina hace una peque\u00f1a descripci\u00f3n del origen de nuestra empresa, as\u00ed como las actividades que desarolla actualmente.\" \/>\n<meta property=\"og:url\" content=\"https:\/\/www.barnizadosvallparadis.es\/\" \/>\n<meta property=\"og:site_name\" content=\"barnizados vallparadis\" \/>\n<meta property=\"article:modified_time\" content=\"2022-06-16T12:18:45+00:00\" \/>\n<meta property=\"og:image\" content=\"https:\/\/www.barnizadosvallparadis.es\/wp-content\/uploads\/2022\/05\/cropped-Gama-barnices-foto-cabecera.jpg\" \/>\n<meta name=\"twitter:card\" content=\"summary_large_image\" \/>\n<meta name=\"twitter:label1\" content=\"Tiempo de lectura\" \/>\n\t<meta name=\"twitter:data1\" content=\"2 minutos\" \/>\n<script type=\"application\/ld+json\" class=\"yoast-schema-graph\">{\"@context\":\"https:\\\/\\\/schema.org\",\"@graph\":[{\"@type\":\"WebPage\",\"@id\":\"https:\\\/\\\/www.barnizadosvallparadis.es\\\/\",\"url\":\"https:\\\/\\\/www.barnizadosvallparadis.es\\\/\",\"name\":\"Inicio - barnizados vallparadis\",\"isPartOf\":{\"@id\":\"https:\\\/\\\/www.barnizadosvallparadis.es\\\/#website\"},\"primaryImageOfPage\":{\"@id\":\"https:\\\/\\\/www.barnizadosvallparadis.es\\\/#primaryimage\"},\"image\":{\"@id\":\"https:\\\/\\\/www.barnizadosvallparadis.es\\\/#primaryimage\"},\"thumbnailUrl\":\"https:\\\/\\\/www.barnizadosvallparadis.es\\\/wp-content\\\/uploads\\\/2022\\\/05\\\/cropped-Gama-barnices-foto-cabecera.jpg\",\"datePublished\":\"2022-05-27T11:33:58+00:00\",\"dateModified\":\"2022-06-16T12:18:45+00:00\",\"description\":\"Esta p\u00e1gina hace una peque\u00f1a descripci\u00f3n del origen de nuestra empresa, as\u00ed como las actividades que desarolla actualmente.\",\"breadcrumb\":{\"@id\":\"https:\\\/\\\/www.barnizadosvallparadis.es\\\/#breadcrumb\"},\"inLanguage\":\"es\",\"potentialAction\":[{\"@type\":\"ReadAction\",\"target\":[\"https:\\\/\\\/www.barnizadosvallparadis.es\\\/\"]}]},{\"@type\":\"ImageObject\",\"inLanguage\":\"es\",\"@id\":\"https:\\\/\\\/www.barnizadosvallparadis.es\\\/#primaryimage\",\"url\":\"https:\\\/\\\/www.barnizadosvallparadis.es\\\/wp-content\\\/uploads\\\/2022\\\/05\\\/cropped-Gama-barnices-foto-cabecera.jpg\",\"contentUrl\":\"https:\\\/\\\/www.barnizadosvallparadis.es\\\/wp-content\\\/uploads\\\/2022\\\/05\\\/cropped-Gama-barnices-foto-cabecera.jpg\",\"width\":838,\"height\":278},{\"@type\":\"BreadcrumbList\",\"@id\":\"https:\\\/\\\/www.barnizadosvallparadis.es\\\/#breadcrumb\",\"itemListElement\":[{\"@type\":\"ListItem\",\"position\":1,\"name\":\"Portada\",\"item\":\"https:\\\/\\\/www.barnizadosvallparadis.es\\\/\"},{\"@type\":\"ListItem\",\"position\":2,\"name\":\"Inicio\"}]},{\"@type\":\"WebSite\",\"@id\":\"https:\\\/\\\/www.barnizadosvallparadis.es\\\/#website\",\"url\":\"https:\\\/\\\/www.barnizadosvallparadis.es\\\/\",\"name\":\"barnizados vallparadis\",\"description\":\"Empresa dedicada a lacados y barnizados en madera\",\"publisher\":{\"@id\":\"https:\\\/\\\/www.barnizadosvallparadis.es\\\/#organization\"},\"potentialAction\":[{\"@type\":\"SearchAction\",\"target\":{\"@type\":\"EntryPoint\",\"urlTemplate\":\"https:\\\/\\\/www.barnizadosvallparadis.es\\\/?s={search_term_string}\"},\"query-input\":{\"@type\":\"PropertyValueSpecification\",\"valueRequired\":true,\"valueName\":\"search_term_string\"}}],\"inLanguage\":\"es\"},{\"@type\":\"Organization\",\"@id\":\"https:\\\/\\\/www.barnizadosvallparadis.es\\\/#organization\",\"name\":\"Barnizados Vallparad\u00eds\",\"url\":\"https:\\\/\\\/www.barnizadosvallparadis.es\\\/\",\"logo\":{\"@type\":\"ImageObject\",\"inLanguage\":\"es\",\"@id\":\"https:\\\/\\\/www.barnizadosvallparadis.es\\\/#\\\/schema\\\/logo\\\/image\\\/\",\"url\":\"https:\\\/\\\/www.barnizadosvallparadis.es\\\/wp-content\\\/uploads\\\/2022\\\/05\\\/Logo-Barnizados-Vallparadis-reducido.png\",\"contentUrl\":\"https:\\\/\\\/www.barnizadosvallparadis.es\\\/wp-content\\\/uploads\\\/2022\\\/05\\\/Logo-Barnizados-Vallparadis-reducido.png\",\"width\":250,\"height\":104,\"caption\":\"Barnizados Vallparad\u00eds\"},\"image\":{\"@id\":\"https:\\\/\\\/www.barnizadosvallparadis.es\\\/#\\\/schema\\\/logo\\\/image\\\/\"}}]}<\/script>\n<!-- \/ Yoast SEO plugin. -->","yoast_head_json":{"title":"Inicio - barnizados vallparadis","description":"Esta p\u00e1gina hace una peque\u00f1a descripci\u00f3n del origen de nuestra empresa, as\u00ed como las actividades que desarolla actualmente.","robots":{"index":"index","follow":"nofollow","max-snippet":"max-snippet:-1","max-image-preview":"max-image-preview:large","max-video-preview":"max-video-preview:-1"},"canonical":"https:\/\/www.barnizadosvallparadis.es\/","og_locale":"es_ES","og_type":"article","og_title":"Inicio - barnizados vallparadis","og_description":"Esta p\u00e1gina hace una peque\u00f1a descripci\u00f3n del origen de nuestra empresa, as\u00ed como las actividades que desarolla actualmente.","og_url":"https:\/\/www.barnizadosvallparadis.es\/","og_site_name":"barnizados vallparadis","article_modified_time":"2022-06-16T12:18:45+00:00","og_image":[{"url":"https:\/\/www.barnizadosvallparadis.es\/wp-content\/uploads\/2022\/05\/cropped-Gama-barnices-foto-cabecera.jpg","type":"","width":"","height":""}],"twitter_card":"summary_large_image","twitter_misc":{"Tiempo de lectura":"2 minutos"},"schema":{"@context":"https:\/\/schema.org","@graph":[{"@type":"WebPage","@id":"https:\/\/www.barnizadosvallparadis.es\/","url":"https:\/\/www.barnizadosvallparadis.es\/","name":"Inicio - barnizados vallparadis","isPartOf":{"@id":"https:\/\/www.barnizadosvallparadis.es\/#website"},"primaryImageOfPage":{"@id":"https:\/\/www.barnizadosvallparadis.es\/#primaryimage"},"image":{"@id":"https:\/\/www.barnizadosvallparadis.es\/#primaryimage"},"thumbnailUrl":"https:\/\/www.barnizadosvallparadis.es\/wp-content\/uploads\/2022\/05\/cropped-Gama-barnices-foto-cabecera.jpg","datePublished":"2022-05-27T11:33:58+00:00","dateModified":"2022-06-16T12:18:45+00:00","description":"Esta p\u00e1gina hace una peque\u00f1a descripci\u00f3n del origen de nuestra empresa, as\u00ed como las actividades que desarolla actualmente.","breadcrumb":{"@id":"https:\/\/www.barnizadosvallparadis.es\/#breadcrumb"},"inLanguage":"es","potentialAction":[{"@type":"ReadAction","target":["https:\/\/www.barnizadosvallparadis.es\/"]}]},{"@type":"ImageObject","inLanguage":"es","@id":"https:\/\/www.barnizadosvallparadis.es\/#primaryimage","url":"https:\/\/www.barnizadosvallparadis.es\/wp-content\/uploads\/2022\/05\/cropped-Gama-barnices-foto-cabecera.jpg","contentUrl":"https:\/\/www.barnizadosvallparadis.es\/wp-content\/uploads\/2022\/05\/cropped-Gama-barnices-foto-cabecera.jpg","width":838,"height":278},{"@type":"BreadcrumbList","@id":"https:\/\/www.barnizadosvallparadis.es\/#breadcrumb","itemListElement":[{"@type":"ListItem","position":1,"name":"Portada","item":"https:\/\/www.barnizadosvallparadis.es\/"},{"@type":"ListItem","position":2,"name":"Inicio"}]},{"@type":"WebSite","@id":"https:\/\/www.barnizadosvallparadis.es\/#website","url":"https:\/\/www.barnizadosvallparadis.es\/","name":"barnizados vallparadis","description":"Empresa dedicada a lacados y barnizados en madera","publisher":{"@id":"https:\/\/www.barnizadosvallparadis.es\/#organization"},"potentialAction":[{"@type":"SearchAction","target":{"@type":"EntryPoint","urlTemplate":"https:\/\/www.barnizadosvallparadis.es\/?s={search_term_string}"},"query-input":{"@type":"PropertyValueSpecification","valueRequired":true,"valueName":"search_term_string"}}],"inLanguage":"es"},{"@type":"Organization","@id":"https:\/\/www.barnizadosvallparadis.es\/#organization","name":"Barnizados Vallparad\u00eds","url":"https:\/\/www.barnizadosvallparadis.es\/","logo":{"@type":"ImageObject","inLanguage":"es","@id":"https:\/\/www.barnizadosvallparadis.es\/#\/schema\/logo\/image\/","url":"https:\/\/www.barnizadosvallparadis.es\/wp-content\/uploads\/2022\/05\/Logo-Barnizados-Vallparadis-reducido.png","contentUrl":"https:\/\/www.barnizadosvallparadis.es\/wp-content\/uploads\/2022\/05\/Logo-Barnizados-Vallparadis-reducido.png","width":250,"height":104,"caption":"Barnizados Vallparad\u00eds"},"image":{"@id":"https:\/\/www.barnizadosvallparadis.es\/#\/schema\/logo\/image\/"}}]}},"_links":{"self":[{"href":"https:\/\/www.barnizadosvallparadis.es\/index.php\/wp-json\/wp\/v2\/pages\/29","targetHints":{"allow":["GET"]}}],"collection":[{"href":"https:\/\/www.barnizadosvallparadis.es\/index.php\/wp-json\/wp\/v2\/pages"}],"about":[{"href":"https:\/\/www.barnizadosvallparadis.es\/index.php\/wp-json\/wp\/v2\/types\/page"}],"author":[{"embeddable":true,"href":"https:\/\/www.barnizadosvallparadis.es\/index.php\/wp-json\/wp\/v2\/users\/1"}],"replies":[{"embeddable":true,"href":"https:\/\/www.barnizadosvallparadis.es\/index.php\/wp-json\/wp\/v2\/comments?post=29"}],"version-history":[{"count":79,"href":"https:\/\/www.barnizadosvallparadis.es\/index.php\/wp-json\/wp\/v2\/pages\/29\/revisions"}],"predecessor-version":[{"id":564,"href":"https:\/\/www.barnizadosvallparadis.es\/index.php\/wp-json\/wp\/v2\/pages\/29\/revisions\/564"}],"wp:attachment":[{"href":"https:\/\/www.barnizadosvallparadis.es\/index.php\/wp-json\/wp\/v2\/media?parent=29"}],"curies":[{"name":"wp","href":"https:\/\/api.w.org\/{rel}","templated":true}]}}